{"id":2920,"date":"2020-03-30T14:02:20","date_gmt":"2020-03-30T14:02:20","guid":{"rendered":"https:\/\/neu.swisspump.com\/?page_id=2920"},"modified":"2022-05-20T14:51:24","modified_gmt":"2022-05-20T14:51:24","slug":"solutions","status":"publish","type":"page","link":"https:\/\/swisspump.com\/de\/solutions\/","title":{"rendered":"UNSERE L\u00d6SUNGEN"},"content":{"rendered":"<div data-elementor-type=\"wp-page\" data-elementor-id=\"2920\" class=\"elementor elementor-2920\" data-elementor-settings=\"{&quot;element_pack_global_tooltip_width&quot;:{&quot;unit&quot;:&quot;px&quot;,&quot;size&quot;:&quot;&quot;,&quot;sizes&quot;:[]},&quot;element_pack_global_tooltip_width_tablet&quot;:{&quot;unit&quot;:&quot;px&quot;,&quot;size&quot;:&quot;&quot;,&quot;sizes&quot;:[]},&quot;element_pack_global_tooltip_width_mobile&quot;:{&quot;unit&quot;:&quot;px&quot;,&quot;size&quot;:&quot;&quot;,&quot;sizes&quot;:[]},&quot;element_pack_global_tooltip_padding&quot;:{&quot;unit&quot;:&quot;px&quot;,&quot;top&quot;:&quot;&quot;,&quot;right&quot;:&quot;&quot;,&quot;bottom&quot;:&quot;&quot;,&quot;left&quot;:&quot;&quot;,&quot;isLinked&quot;:true},&quot;element_pack_global_tooltip_padding_tablet&quot;:{&quot;unit&quot;:&quot;px&quot;,&quot;top&quot;:&quot;&quot;,&quot;right&quot;:&quot;&quot;,&quot;bottom&quot;:&quot;&quot;,&quot;left&quot;:&quot;&quot;,&quot;isLinked&quot;:true},&quot;element_pack_global_tooltip_padding_mobile&quot;:{&quot;unit&quot;:&quot;px&quot;,&quot;top&quot;:&quot;&quot;,&quot;right&quot;:&quot;&quot;,&quot;bottom&quot;:&quot;&quot;,&quot;left&quot;:&quot;&quot;,&quot;isLinked&quot;:true},&quot;element_pack_global_tooltip_border_radius&quot;:{&quot;unit&quot;:&quot;px&quot;,&quot;top&quot;:&quot;&quot;,&quot;right&quot;:&quot;&quot;,&quot;bottom&quot;:&quot;&quot;,&quot;left&quot;:&quot;&quot;,&quot;isLinked&quot;:true},&quot;element_pack_global_tooltip_border_radius_tablet&quot;:{&quot;unit&quot;:&quot;px&quot;,&quot;top&quot;:&quot;&quot;,&quot;right&quot;:&quot;&quot;,&quot;bottom&quot;:&quot;&quot;,&quot;left&quot;:&quot;&quot;,&quot;isLinked&quot;:true},&quot;element_pack_global_tooltip_border_radius_mobile&quot;:{&quot;unit&quot;:&quot;px&quot;,&quot;top&quot;:&quot;&quot;,&quot;right&quot;:&quot;&quot;,&quot;bottom&quot;:&quot;&quot;,&quot;left&quot;:&quot;&quot;,&quot;isLinked&quot;:true}}\" data-elementor-post-type=\"page\">\n\t\t\t\t\t\t<section class=\"elementor-section elementor-top-section elementor-element elementor-element-a2b90b3 elementor-section-full_width elementor-section-height-default elementor-section-height-default\" data-id=\"a2b90b3\" data-element_type=\"section\" data-e-type=\"section\">\n\t\t\t\t\t\t<div class=\"elementor-container elementor-column-gap-no\">\n\t\t\t\t\t<div class=\"elementor-column elementor-col-100 elementor-top-column elementor-element elementor-element-7af3803\" data-id=\"7af3803\" data-element_type=\"column\" data-e-type=\"column\">\n\t\t\t<div class=\"elementor-widget-wrap elementor-element-populated\">\n\t\t\t\t\t\t<div class=\"elementor-element elementor-element-40eb4fa elementor--h-position-right elementor--v-position-bottom elementor-widget elementor-widget-slides\" data-id=\"40eb4fa\" data-element_type=\"widget\" data-e-type=\"widget\" data-settings=\"{&quot;navigation&quot;:&quot;none&quot;,&quot;autoplay_speed&quot;:4000,&quot;transition_speed&quot;:700,&quot;autoplay&quot;:&quot;yes&quot;,&quot;pause_on_hover&quot;:&quot;yes&quot;,&quot;pause_on_interaction&quot;:&quot;yes&quot;,&quot;infinite&quot;:&quot;yes&quot;,&quot;transition&quot;:&quot;slide&quot;}\" data-widget_type=\"slides.default\">\n\t\t\t\t<div class=\"elementor-widget-container\">\n\t\t\t\t\t\t\t\t\t<div class=\"elementor-swiper\">\n\t\t\t\t\t<div class=\"elementor-slides-wrapper elementor-main-swiper swiper\" role=\"region\" aria-roledescription=\"carousel\" aria-label=\"Slider\" dir=\"ltr\" data-animation=\"fadeInUp\">\n\t\t\t\t<div class=\"swiper-wrapper elementor-slides\">\n\t\t\t\t\t\t\t\t\t\t<div class=\"elementor-repeater-item-1b80904 swiper-slide\" role=\"group\" aria-roledescription=\"slide\"><div class=\"swiper-slide-bg\" role=\"img\" aria-label=\"Swisspump_Our_solution_slider\"><\/div><div class=\"swiper-slide-inner\" ><div class=\"swiper-slide-contents\"><\/div><\/div><\/div><div class=\"elementor-repeater-item-aeac7be swiper-slide\" role=\"group\" aria-roledescription=\"slide\"><div class=\"swiper-slide-bg\" role=\"img\" aria-label=\"our_solution_2\"><\/div><div class=\"swiper-slide-inner\" ><div class=\"swiper-slide-contents\"><\/div><\/div><\/div>\t\t\t\t<\/div>\n\t\t\t\t\t\t\t\t\t\t\t\t\t\t\t\t\t\t\t\t\t<\/div>\n\t\t\t\t<\/div>\n\t\t\t\t\t\t\t\t<\/div>\n\t\t\t\t<\/div>\n\t\t\t\t\t<\/div>\n\t\t<\/div>\n\t\t\t\t\t<\/div>\n\t\t<\/section>\n\t\t\t\t<section class=\"elementor-section elementor-top-section elementor-element elementor-element-578916d elementor-section-boxed elementor-section-height-default elementor-section-height-default\" data-id=\"578916d\" data-element_type=\"section\" data-e-type=\"section\" data-settings=\"{&quot;background_background&quot;:&quot;gradient&quot;}\">\n\t\t\t\t\t\t<div class=\"elementor-container elementor-column-gap-default\">\n\t\t\t\t\t<div class=\"elementor-column elementor-col-100 elementor-top-column elementor-element elementor-element-be13ace\" data-id=\"be13ace\" data-element_type=\"column\" data-e-type=\"column\">\n\t\t\t<div class=\"elementor-widget-wrap elementor-element-populated\">\n\t\t\t\t\t\t<div class=\"elementor-element elementor-element-c14f457 elementor-widget elementor-widget-heading\" data-id=\"c14f457\" data-element_type=\"widget\" data-e-type=\"widget\" data-widget_type=\"heading.default\">\n\t\t\t\t<div class=\"elementor-widget-container\">\n\t\t\t\t\t<h2 class=\"elementor-heading-title elementor-size-default\">GEB\u00c4UDETECHNIK<\/h2>\t\t\t\t<\/div>\n\t\t\t\t<\/div>\n\t\t\t\t<div class=\"elementor-element elementor-element-ac670e8 elementor-widget-divider--view-line elementor-widget elementor-widget-global elementor-global-1844 elementor-widget-divider\" data-id=\"ac670e8\" data-element_type=\"widget\" data-e-type=\"widget\" data-widget_type=\"divider.default\">\n\t\t\t\t<div class=\"elementor-widget-container\">\n\t\t\t\t\t\t\t<div class=\"elementor-divider\">\n\t\t\t<span class=\"elementor-divider-separator\">\n\t\t\t\t\t\t<\/span>\n\t\t<\/div>\n\t\t\t\t\t\t<\/div>\n\t\t\t\t<\/div>\n\t\t\t\t<div class=\"elementor-element elementor-element-ae25387 elementor-widget elementor-widget-text-editor\" data-id=\"ae25387\" data-element_type=\"widget\" data-e-type=\"widget\" data-widget_type=\"text-editor.default\">\n\t\t\t\t<div class=\"elementor-widget-container\">\n\t\t\t\t\t\t\t\t\t<p>Unsere Pumpen transportieren dank innovativer Entwicklung das Medium im Geb\u00e4ude von einem zum anderen Ort.<\/p><p>Sicherheit und Komfort sind im Geb\u00e4ude notwendig. Unsere Pumpen werden zum K\u00fchlen und zum Heizen f\u00fcr kleine Hausanwendung oder Industrieprojekte verwendet.<\/p>\t\t\t\t\t\t\t\t<\/div>\n\t\t\t\t<\/div>\n\t\t\t\t<section class=\"elementor-section elementor-inner-section elementor-element elementor-element-1d20cd5 elementor-section-boxed elementor-section-height-default elementor-section-height-default\" data-id=\"1d20cd5\" data-element_type=\"section\" data-e-type=\"section\">\n\t\t\t\t\t\t<div class=\"elementor-container elementor-column-gap-custom\">\n\t\t\t\t\t<div class=\"elementor-column elementor-col-50 elementor-inner-column elementor-element elementor-element-737616d\" data-id=\"737616d\" data-element_type=\"column\" data-e-type=\"column\">\n\t\t\t<div class=\"elementor-widget-wrap elementor-element-populated\">\n\t\t\t\t\t\t<div class=\"elementor-element elementor-element-af6c08c elementor-widget elementor-widget-image\" data-id=\"af6c08c\" data-element_type=\"widget\" data-e-type=\"widget\" data-widget_type=\"image.default\">\n\t\t\t\t<div class=\"elementor-widget-container\">\n\t\t\t\t\t\t\t\t\t\t\t\t\t\t\t<img fetchpriority=\"high\" decoding=\"async\" width=\"800\" height=\"534\" src=\"https:\/\/swisspump.com\/wp-content\/uploads\/2020\/03\/sewage_treatment_plant-1-1024x683.jpeg\" class=\"attachment-large size-large wp-image-1711\" alt=\"\" srcset=\"https:\/\/swisspump.com\/wp-content\/uploads\/2020\/03\/sewage_treatment_plant-1-1024x683.jpeg 1024w, https:\/\/swisspump.com\/wp-content\/uploads\/2020\/03\/sewage_treatment_plant-1-300x200.jpeg 300w, https:\/\/swisspump.com\/wp-content\/uploads\/2020\/03\/sewage_treatment_plant-1-768x513.jpeg 768w, https:\/\/swisspump.com\/wp-content\/uploads\/2020\/03\/sewage_treatment_plant-1-1536x1025.jpeg 1536w, https:\/\/swisspump.com\/wp-content\/uploads\/2020\/03\/sewage_treatment_plant-1-2048x1367.jpeg 2048w\" sizes=\"(max-width: 800px) 100vw, 800px\" \/>\t\t\t\t\t\t\t\t\t\t\t\t\t\t\t<\/div>\n\t\t\t\t<\/div>\n\t\t\t\t<div class=\"elementor-element elementor-element-ba288d0 elementor-widget elementor-widget-heading\" data-id=\"ba288d0\" data-element_type=\"widget\" data-e-type=\"widget\" data-widget_type=\"heading.default\">\n\t\t\t\t<div class=\"elementor-widget-container\">\n\t\t\t\t\t<h3 class=\"elementor-heading-title elementor-size-default\">ABWASSER TECHNIK<\/h3>\t\t\t\t<\/div>\n\t\t\t\t<\/div>\n\t\t\t\t<div class=\"elementor-element elementor-element-66be387 elementor-widget elementor-widget-text-editor\" data-id=\"66be387\" data-element_type=\"widget\" data-e-type=\"widget\" data-widget_type=\"text-editor.default\">\n\t\t\t\t<div class=\"elementor-widget-container\">\n\t\t\t\t\t\t\t\t\t<p>Abwasser wird in vielen Sektoren produziert und es muss zuverl\u00e4ssig entsorgt werden.<\/p><p>Unsere Abwasser- und F\u00e4kalienpumpen garantieren eine effektive L\u00f6sung f\u00fcr Kl\u00e4ranlagen.<\/p>\t\t\t\t\t\t\t\t<\/div>\n\t\t\t\t<\/div>\n\t\t\t\t\t<\/div>\n\t\t<\/div>\n\t\t\t\t<div class=\"elementor-column elementor-col-50 elementor-inner-column elementor-element elementor-element-1f89f8e\" data-id=\"1f89f8e\" data-element_type=\"column\" data-e-type=\"column\">\n\t\t\t<div class=\"elementor-widget-wrap elementor-element-populated\">\n\t\t\t\t\t\t<div class=\"elementor-element elementor-element-067d690 elementor-widget elementor-widget-image\" data-id=\"067d690\" data-element_type=\"widget\" data-e-type=\"widget\" data-widget_type=\"image.default\">\n\t\t\t\t<div class=\"elementor-widget-container\">\n\t\t\t\t\t\t\t\t\t\t\t\t\t\t\t<img decoding=\"async\" width=\"800\" height=\"534\" src=\"https:\/\/swisspump.com\/wp-content\/uploads\/2020\/03\/AGRICULTURE_solution-1024x683.jpeg\" class=\"attachment-large size-large wp-image-1710\" alt=\"\" srcset=\"https:\/\/swisspump.com\/wp-content\/uploads\/2020\/03\/AGRICULTURE_solution-1024x683.jpeg 1024w, https:\/\/swisspump.com\/wp-content\/uploads\/2020\/03\/AGRICULTURE_solution-300x200.jpeg 300w, https:\/\/swisspump.com\/wp-content\/uploads\/2020\/03\/AGRICULTURE_solution-768x512.jpeg 768w, https:\/\/swisspump.com\/wp-content\/uploads\/2020\/03\/AGRICULTURE_solution-1536x1024.jpeg 1536w, https:\/\/swisspump.com\/wp-content\/uploads\/2020\/03\/AGRICULTURE_solution-2048x1366.jpeg 2048w\" sizes=\"(max-width: 800px) 100vw, 800px\" \/>\t\t\t\t\t\t\t\t\t\t\t\t\t\t\t<\/div>\n\t\t\t\t<\/div>\n\t\t\t\t<div class=\"elementor-element elementor-element-ca51de2 elementor-widget elementor-widget-heading\" data-id=\"ca51de2\" data-element_type=\"widget\" data-e-type=\"widget\" data-widget_type=\"heading.default\">\n\t\t\t\t<div class=\"elementor-widget-container\">\n\t\t\t\t\t<h3 class=\"elementor-heading-title elementor-size-default\">LANDWIRTSCHAFT<\/h3>\t\t\t\t<\/div>\n\t\t\t\t<\/div>\n\t\t\t\t<div class=\"elementor-element elementor-element-dec5ffb elementor-widget elementor-widget-text-editor\" data-id=\"dec5ffb\" data-element_type=\"widget\" data-e-type=\"widget\" data-widget_type=\"text-editor.default\">\n\t\t\t\t<div class=\"elementor-widget-container\">\n\t\t\t\t\t\t\t\t\t<p>Bew\u00e4sserung ist elementar um die Ernte wachsen zu lassen. Unsere UG \u2013 Pumpen mit hohem Wirkungsgrad garantieren das \u00dceberleben der Pflanzen.<\/p><p>Mit Solarenergie k\u00f6nnen sie sogar umweltfreundlich betrieben werden.<\/p>\t\t\t\t\t\t\t\t<\/div>\n\t\t\t\t<\/div>\n\t\t\t\t\t<\/div>\n\t\t<\/div>\n\t\t\t\t\t<\/div>\n\t\t<\/section>\n\t\t\t\t\t<\/div>\n\t\t<\/div>\n\t\t\t\t\t<\/div>\n\t\t<\/section>\n\t\t\t\t<\/div>","protected":false},"excerpt":{"rendered":"<p>BUILDING SERVICES Our pumps help domestic sectors to develop, manage and innovate their works through pumping and transferring fluid from one place to another easily. Safety and comfort in any building are necessary. Our circulation, horizontal split case and end suction pumps are being used for cooling and heating systems in domestic and industrial sectors. [&hellip;]<\/p>\n","protected":false},"author":1,"featured_media":0,"parent":0,"menu_order":0,"comment_status":"closed","ping_status":"closed","template":"elementor_header_footer","meta":{"_acf_changed":false,"ngg_post_thumbnail":0,"footnotes":""},"class_list":["post-2920","page","type-page","status-publish","hentry"],"acf":[],"yoast_head":"<!-- This site is optimized with the Yoast SEO plugin v27.4 - https:\/\/yoast.com\/product\/yoast-seo-wordpress\/ -->\n<title>OUR SOLUTIONS - Swisspump<\/title>\n<meta name=\"description\" content=\"Irrigation is essential to make crops grow.Our UG \u2013 submersible pumps with high efficiency can guarantee the survival of your plants.\" \/>\n<meta name=\"robots\" content=\"index, follow, max-snippet:-1, max-image-preview:large, max-video-preview:-1\" \/>\n<link rel=\"canonical\" href=\"https:\/\/swisspump.com\/de\/solutions\/\" \/>\n<meta property=\"og:locale\" content=\"de_DE\" \/>\n<meta property=\"og:type\" content=\"article\" \/>\n<meta property=\"og:title\" content=\"OUR SOLUTIONS - Swisspump\" \/>\n<meta property=\"og:description\" content=\"Irrigation is essential to make crops grow.Our UG \u2013 submersible pumps with high efficiency can guarantee the survival of your plants.\" \/>\n<meta property=\"og:url\" content=\"https:\/\/swisspump.com\/de\/solutions\/\" \/>\n<meta property=\"og:site_name\" content=\"Swisspump\" \/>\n<meta property=\"article:modified_time\" content=\"2022-05-20T14:51:24+00:00\" \/>\n<meta property=\"og:image\" content=\"https:\/\/swisspump.com\/wp-content\/uploads\/2020\/03\/sewage_treatment_plant-1-1024x683.jpeg\" \/>\n<meta name=\"twitter:card\" content=\"summary_large_image\" \/>\n<meta name=\"twitter:label1\" content=\"Gesch\u00e4tzte Lesezeit\" \/>\n\t<meta name=\"twitter:data1\" content=\"1\u00a0Minute\" \/>\n<script type=\"application\/ld+json\" class=\"yoast-schema-graph\">{\"@context\":\"https:\\\/\\\/schema.org\",\"@graph\":[{\"@type\":\"WebPage\",\"@id\":\"https:\\\/\\\/swisspump.com\\\/solutions\\\/\",\"url\":\"https:\\\/\\\/swisspump.com\\\/solutions\\\/\",\"name\":\"OUR SOLUTIONS - Swisspump\",\"isPartOf\":{\"@id\":\"https:\\\/\\\/swisspump.com\\\/#website\"},\"primaryImageOfPage\":{\"@id\":\"https:\\\/\\\/swisspump.com\\\/solutions\\\/#primaryimage\"},\"image\":{\"@id\":\"https:\\\/\\\/swisspump.com\\\/solutions\\\/#primaryimage\"},\"thumbnailUrl\":\"https:\\\/\\\/swisspump.com\\\/wp-content\\\/uploads\\\/2020\\\/03\\\/sewage_treatment_plant-1-1024x683.jpeg\",\"datePublished\":\"2020-03-30T14:02:20+00:00\",\"dateModified\":\"2022-05-20T14:51:24+00:00\",\"description\":\"Irrigation is essential to make crops grow.Our UG \u2013 submersible pumps with high efficiency can guarantee the survival of your plants.\",\"breadcrumb\":{\"@id\":\"https:\\\/\\\/swisspump.com\\\/solutions\\\/#breadcrumb\"},\"inLanguage\":\"de\",\"potentialAction\":[{\"@type\":\"ReadAction\",\"target\":[\"https:\\\/\\\/swisspump.com\\\/solutions\\\/\"]}]},{\"@type\":\"ImageObject\",\"inLanguage\":\"de\",\"@id\":\"https:\\\/\\\/swisspump.com\\\/solutions\\\/#primaryimage\",\"url\":\"https:\\\/\\\/swisspump.com\\\/wp-content\\\/uploads\\\/2020\\\/03\\\/sewage_treatment_plant-1-1024x683.jpeg\",\"contentUrl\":\"https:\\\/\\\/swisspump.com\\\/wp-content\\\/uploads\\\/2020\\\/03\\\/sewage_treatment_plant-1-1024x683.jpeg\"},{\"@type\":\"BreadcrumbList\",\"@id\":\"https:\\\/\\\/swisspump.com\\\/solutions\\\/#breadcrumb\",\"itemListElement\":[{\"@type\":\"ListItem\",\"position\":1,\"name\":\"Home\",\"item\":\"https:\\\/\\\/swisspump.com\\\/\"},{\"@type\":\"ListItem\",\"position\":2,\"name\":\"OUR SOLUTIONS\"}]},{\"@type\":\"WebSite\",\"@id\":\"https:\\\/\\\/swisspump.com\\\/#website\",\"url\":\"https:\\\/\\\/swisspump.com\\\/\",\"name\":\"Swisspump\",\"description\":\"We help make crops grow\",\"publisher\":{\"@id\":\"https:\\\/\\\/swisspump.com\\\/#organization\"},\"potentialAction\":[{\"@type\":\"SearchAction\",\"target\":{\"@type\":\"EntryPoint\",\"urlTemplate\":\"https:\\\/\\\/swisspump.com\\\/?s={search_term_string}\"},\"query-input\":{\"@type\":\"PropertyValueSpecification\",\"valueRequired\":true,\"valueName\":\"search_term_string\"}}],\"inLanguage\":\"de\"},{\"@type\":\"Organization\",\"@id\":\"https:\\\/\\\/swisspump.com\\\/#organization\",\"name\":\"Swiss Pump Company AG\",\"url\":\"https:\\\/\\\/swisspump.com\\\/\",\"logo\":{\"@type\":\"ImageObject\",\"inLanguage\":\"de\",\"@id\":\"https:\\\/\\\/swisspump.com\\\/#\\\/schema\\\/logo\\\/image\\\/\",\"url\":\"https:\\\/\\\/swisspump.com\\\/wp-content\\\/uploads\\\/2020\\\/02\\\/cropped-Logo-SPCO_freigestellt.png\",\"contentUrl\":\"https:\\\/\\\/swisspump.com\\\/wp-content\\\/uploads\\\/2020\\\/02\\\/cropped-Logo-SPCO_freigestellt.png\",\"width\":1772,\"height\":592,\"caption\":\"Swiss Pump Company AG\"},\"image\":{\"@id\":\"https:\\\/\\\/swisspump.com\\\/#\\\/schema\\\/logo\\\/image\\\/\"}}]}<\/script>\n<!-- \/ Yoast SEO plugin. -->","yoast_head_json":{"title":"OUR SOLUTIONS - Swisspump","description":"Irrigation is essential to make crops grow.Our UG \u2013 submersible pumps with high efficiency can guarantee the survival of your plants.","robots":{"index":"index","follow":"follow","max-snippet":"max-snippet:-1","max-image-preview":"max-image-preview:large","max-video-preview":"max-video-preview:-1"},"canonical":"https:\/\/swisspump.com\/de\/solutions\/","og_locale":"de_DE","og_type":"article","og_title":"OUR SOLUTIONS - Swisspump","og_description":"Irrigation is essential to make crops grow.Our UG \u2013 submersible pumps with high efficiency can guarantee the survival of your plants.","og_url":"https:\/\/swisspump.com\/de\/solutions\/","og_site_name":"Swisspump","article_modified_time":"2022-05-20T14:51:24+00:00","og_image":[{"url":"https:\/\/swisspump.com\/wp-content\/uploads\/2020\/03\/sewage_treatment_plant-1-1024x683.jpeg","type":"","width":"","height":""}],"twitter_card":"summary_large_image","twitter_misc":{"Gesch\u00e4tzte Lesezeit":"1\u00a0Minute"},"schema":{"@context":"https:\/\/schema.org","@graph":[{"@type":"WebPage","@id":"https:\/\/swisspump.com\/solutions\/","url":"https:\/\/swisspump.com\/solutions\/","name":"OUR SOLUTIONS - Swisspump","isPartOf":{"@id":"https:\/\/swisspump.com\/#website"},"primaryImageOfPage":{"@id":"https:\/\/swisspump.com\/solutions\/#primaryimage"},"image":{"@id":"https:\/\/swisspump.com\/solutions\/#primaryimage"},"thumbnailUrl":"https:\/\/swisspump.com\/wp-content\/uploads\/2020\/03\/sewage_treatment_plant-1-1024x683.jpeg","datePublished":"2020-03-30T14:02:20+00:00","dateModified":"2022-05-20T14:51:24+00:00","description":"Irrigation is essential to make crops grow.Our UG \u2013 submersible pumps with high efficiency can guarantee the survival of your plants.","breadcrumb":{"@id":"https:\/\/swisspump.com\/solutions\/#breadcrumb"},"inLanguage":"de","potentialAction":[{"@type":"ReadAction","target":["https:\/\/swisspump.com\/solutions\/"]}]},{"@type":"ImageObject","inLanguage":"de","@id":"https:\/\/swisspump.com\/solutions\/#primaryimage","url":"https:\/\/swisspump.com\/wp-content\/uploads\/2020\/03\/sewage_treatment_plant-1-1024x683.jpeg","contentUrl":"https:\/\/swisspump.com\/wp-content\/uploads\/2020\/03\/sewage_treatment_plant-1-1024x683.jpeg"},{"@type":"BreadcrumbList","@id":"https:\/\/swisspump.com\/solutions\/#breadcrumb","itemListElement":[{"@type":"ListItem","position":1,"name":"Home","item":"https:\/\/swisspump.com\/"},{"@type":"ListItem","position":2,"name":"OUR SOLUTIONS"}]},{"@type":"WebSite","@id":"https:\/\/swisspump.com\/#website","url":"https:\/\/swisspump.com\/","name":"Swisspump","description":"WIR LASSEN PFLANZEN WACHSEN","publisher":{"@id":"https:\/\/swisspump.com\/#organization"},"potentialAction":[{"@type":"SearchAction","target":{"@type":"EntryPoint","urlTemplate":"https:\/\/swisspump.com\/?s={search_term_string}"},"query-input":{"@type":"PropertyValueSpecification","valueRequired":true,"valueName":"search_term_string"}}],"inLanguage":"de"},{"@type":"Organization","@id":"https:\/\/swisspump.com\/#organization","name":"Swiss Pump Company AG","url":"https:\/\/swisspump.com\/","logo":{"@type":"ImageObject","inLanguage":"de","@id":"https:\/\/swisspump.com\/#\/schema\/logo\/image\/","url":"https:\/\/swisspump.com\/wp-content\/uploads\/2020\/02\/cropped-Logo-SPCO_freigestellt.png","contentUrl":"https:\/\/swisspump.com\/wp-content\/uploads\/2020\/02\/cropped-Logo-SPCO_freigestellt.png","width":1772,"height":592,"caption":"Swiss Pump Company AG"},"image":{"@id":"https:\/\/swisspump.com\/#\/schema\/logo\/image\/"}}]}},"_links":{"self":[{"href":"https:\/\/swisspump.com\/de\/wp-json\/wp\/v2\/pages\/2920","targetHints":{"allow":["GET"]}}],"collection":[{"href":"https:\/\/swisspump.com\/de\/wp-json\/wp\/v2\/pages"}],"about":[{"href":"https:\/\/swisspump.com\/de\/wp-json\/wp\/v2\/types\/page"}],"author":[{"embeddable":true,"href":"https:\/\/swisspump.com\/de\/wp-json\/wp\/v2\/users\/1"}],"replies":[{"embeddable":true,"href":"https:\/\/swisspump.com\/de\/wp-json\/wp\/v2\/comments?post=2920"}],"version-history":[{"count":37,"href":"https:\/\/swisspump.com\/de\/wp-json\/wp\/v2\/pages\/2920\/revisions"}],"predecessor-version":[{"id":3876,"href":"https:\/\/swisspump.com\/de\/wp-json\/wp\/v2\/pages\/2920\/revisions\/3876"}],"wp:attachment":[{"href":"https:\/\/swisspump.com\/de\/wp-json\/wp\/v2\/media?parent=2920"}],"curies":[{"name":"wp","href":"https:\/\/api.w.org\/{rel}","templated":true}]}}